{"id":1706,"date":"2019-05-23T19:30:19","date_gmt":"2019-05-23T19:30:19","guid":{"rendered":"http:\/\/ceconeu.com.uy\/?page_id=1706"},"modified":"2023-12-18T16:03:31","modified_gmt":"2023-12-18T16:03:31","slug":"beneficios-2","status":"publish","type":"page","link":"https:\/\/ceconeu.com.uy\/index.php\/socios\/beneficios-2\/","title":{"rendered":"Beneficios"},"content":{"rendered":"<p>[et_pb_section fb_built=\u00bb1&#8243; next_background_color=\u00bb#f7f7f7&#8243; _builder_version=\u00bb4.20.4&#8243; background_color=\u00bb#ffffff\u00bb background_image=\u00bbhttp:\/\/ceconeu.com.uy\/wp-content\/uploads\/2019\/05\/transport-3366391_1920.jpg\u00bb background_enable_mask_style=\u00bbon\u00bb background_mask_style=\u00bbcaret\u00bb background_mask_color=\u00bbrgba(0,0,0,0.48)\u00bb custom_margin=\u00bb-1px|||||\u00bb custom_padding=\u00bb200px||200px||true|\u00bb bottom_divider_style=\u00bbarrow2&#8243; hover_enabled=\u00bb0&#8243; global_colors_info=\u00bb{}\u00bb theme_builder_area=\u00bbpost_content\u00bb title_text=\u00bbtransport-3366391_1920&#8243; sticky_enabled=\u00bb0&#8243;][et_pb_row column_structure=\u00bb1_2,1_2&#8243; _builder_version=\u00bb4.16&#8243; _module_preset=\u00bbdefault\u00bb width=\u00bb100%\u00bb module_alignment=\u00bbcenter\u00bb custom_padding=\u00bb|5%||5%|false|true\u00bb global_colors_info=\u00bb{}\u00bb theme_builder_area=\u00bbpost_content\u00bb][et_pb_column type=\u00bb1_2&#8243; _builder_version=\u00bb4.16&#8243; _module_preset=\u00bbdefault\u00bb global_colors_info=\u00bb{}\u00bb theme_builder_area=\u00bbpost_content\u00bb][et_pb_text _builder_version=\u00bb4.20.4&#8243; _module_preset=\u00bbdefault\u00bb text_font=\u00bbMontserrat|800|||||||\u00bb text_text_color=\u00bb#ffffff\u00bb text_font_size=\u00bb50px\u00bb text_line_height=\u00bb1.2em\u00bb custom_margin=\u00bb||20px|||\u00bb custom_padding=\u00bb||0px|||\u00bb hover_enabled=\u00bb0&#8243; text_text_shadow_style=\u00bbpreset3&#8243; global_colors_info=\u00bb{}\u00bb theme_builder_area=\u00bbpost_content\u00bb sticky_enabled=\u00bb0&#8243;]<\/p>\n<p style=\"text-align: left;\"><span style=\"color: #333333;\"><strong><span style=\"color: #ffffff;\">Beneficios de ser parte<\/span><\/strong><\/span><\/p>\n<p>[\/et_pb_text][et_pb_text _builder_version=\u00bb4.20.4&#8243; _module_preset=\u00bbdefault\u00bb text_font_size=\u00bb15px\u00bb text_line_height=\u00bb1.5em\u00bb header_line_height=\u00bb0.5em\u00bb global_colors_info=\u00bb{}\u00bb theme_builder_area=\u00bbpost_content\u00bb][\/et_pb_text][\/et_pb_column][et_pb_column type=\u00bb1_2&#8243; _builder_version=\u00bb4.16&#8243; _module_preset=\u00bbdefault\u00bb global_colors_info=\u00bb{}\u00bb theme_builder_area=\u00bbpost_content\u00bb][et_pb_toggle title=\u00bb\u00bfQui\u00e9nes pueden acceder?\u00bb icon_color=\u00bb#0c71c3&#8243; open_icon_color=\u00bb#0c71c3&#8243; _builder_version=\u00bb4.20.4&#8243; _module_preset=\u00bbdefault\u00bb title_font=\u00bbMontserrat|700|||||||\u00bb body_font_size=\u00bb13px\u00bb body_line_height=\u00bb1.4em\u00bb hover_enabled=\u00bb0&#8243; global_colors_info=\u00bb{}\u00bb theme_builder_area=\u00bbpost_content\u00bb sticky_enabled=\u00bb0&#8243;]<\/p>\n<p>Todos los trabajadores y trabajadoras que forman parte de las empresas asociadas a la gremial pueden acceder a los beneficios que brinda CECONEU.\u00a0La empresa debe estar al d\u00eda con la cuota.<\/p>\n<p>[\/et_pb_toggle][et_pb_toggle title=\u00bb\u00bfC\u00f3mo acceder?\u00bb icon_color=\u00bb#0c71c3&#8243; open_icon_color=\u00bb#0c71c3&#8243; _builder_version=\u00bb4.20.4&#8243; _module_preset=\u00bbdefault\u00bb title_font=\u00bbMontserrat|700|||||||\u00bb body_font_size=\u00bb13px\u00bb body_line_height=\u00bb1.4em\u00bb hover_enabled=\u00bb0&#8243; global_colors_info=\u00bb{}\u00bb theme_builder_area=\u00bbpost_content\u00bb sticky_enabled=\u00bb0&#8243;]<\/p>\n<p>Comunicate con la gremial a trav\u00e9s del whatsapp 091 313 290 o envianos un correo a ceconeu @ceconeu.com.uy.\u00a0<\/p>\n<p>[\/et_pb_toggle][et_pb_button button_text=\u00bbLink al documento de beneficios\u00bb _builder_version=\u00bb4.20.4&#8243; _module_preset=\u00bbdefault\u00bb theme_builder_area=\u00bbpost_content\u00bb custom_button=\u00bbon\u00bb button_text_size=\u00bb16px\u00bb button_text_color=\u00bb#000000&#8243; button_border_radius=\u00bb0px\u00bb button_border_width=\u00bb0px\u00bb button_icon=\u00bb&#x45;||divi||400&#8243; hover_enabled=\u00bb0&#8243; sticky_enabled=\u00bb0&#8243; button_bg_color=\u00bbrgba(255,255,255,0.36)\u00bb button_bg_enable_color=\u00bbon\u00bb button_font=\u00bbMontserrat||||||||\u00bb button_letter_spacing=\u00bb0px\u00bb][\/et_pb_button][\/et_pb_column][\/et_pb_row][\/et_pb_section][et_pb_section fb_built=\u00bb1&#8243; admin_label=\u00bbRelated Services\u00bb _builder_version=\u00bb4.16&#8243; background_color=\u00bb#f7f7f7&#8243; custom_padding=\u00bb63px|||||\u00bb global_colors_info=\u00bb{}\u00bb][et_pb_row column_structure=\u00bb1_3,1_3,1_3&#8243; _builder_version=\u00bb4.16&#8243; custom_margin=\u00bb7px|auto||auto||\u00bb custom_padding=\u00bb27px|||||\u00bb global_colors_info=\u00bb{}\u00bb][et_pb_column type=\u00bb1_3&#8243; _builder_version=\u00bb4.16&#8243; custom_padding=\u00bb|||\u00bb global_colors_info=\u00bb{}\u00bb custom_padding__hover=\u00bb|||\u00bb][et_pb_blurb title=\u00bbParque de vacaciones UTE-ANTEL\u00bb image=\u00bbhttp:\/\/ceconeu.com.uy\/wp-content\/uploads\/2019\/05\/Valle_de_Domos.svg-image5106-4294966614.png\u00bb _builder_version=\u00bb4.16&#8243; body_font=\u00bb||||||||\u00bb body_font_size=\u00bb11px\u00bb inline_fonts=\u00bbTimes New Roman\u00bb global_colors_info=\u00bb{}\u00bb]<\/p>\n<p><span style=\"font-size: small;\"><span style=\"font-family: inherit;\">Descuento en alojamiento para disfrutar del parque de la UTE, un reconocido complejo tur\u00edstico situado en las Sierras de Minas, Lavalleja. Ofrece todo tipo de servicios, entretenimientos y comodidades. Actividades deportivas, recreativas, spa, canchas, piscinas, gimnasio, restaurante, bar, etc.<\/span><\/span><\/p>\n<p>[\/et_pb_blurb][\/et_pb_column][et_pb_column type=\u00bb1_3&#8243; _builder_version=\u00bb4.16&#8243; custom_padding=\u00bb|||\u00bb global_colors_info=\u00bb{}\u00bb custom_padding__hover=\u00bb|||\u00bb][et_pb_blurb title=\u00bbValle de Domos\u00bb image=\u00bbhttp:\/\/ceconeu.com.uy\/wp-content\/uploads\/2019\/05\/4.jpg\u00bb _builder_version=\u00bb4.16&#8243; body_font=\u00bb||||||||\u00bb body_font_size=\u00bb13px\u00bb body_line_height=\u00bb1.5em\u00bb global_colors_info=\u00bb{}\u00bb]<\/p>\n<p>Extensi\u00f3n de horario gratuita y le\u00f1a gratis. Valle de Domos es un emprendimiento tur\u00edstico con construcciones ecol\u00f3gicas. Mucha paz y buena vibra, en un lugar \u00f3ptimo para disfrutar en familia o con amigos entre las Sierras de Minas. Cuenta con piscinas, parrilleros, canchas, sal\u00f3n de eventos y mucho m\u00e1s.<\/p>\n<p>[\/et_pb_blurb][\/et_pb_column][et_pb_column type=\u00bb1_3&#8243; _builder_version=\u00bb4.16&#8243; custom_padding=\u00bb|||\u00bb global_colors_info=\u00bb{}\u00bb custom_padding__hover=\u00bb|||\u00bb][et_pb_blurb title=\u00bbRetiro de Neum\u00e1ticos Fuera de Uso\u00bb image=\u00bbhttp:\/\/ceconeu.com.uy\/wp-content\/uploads\/2019\/04\/tires-1139768_1920.jpg\u00bb _builder_version=\u00bb4.16&#8243; global_colors_info=\u00bb{}\u00bb]<\/p>\n<p>Atendemos solicitudes urgentes de levante de NFU. Se realizar\u00e1 en las 24 hs inmediatas a la solicitud del mismo.<\/p>\n<p>[\/et_pb_blurb][\/et_pb_column][\/et_pb_row][et_pb_row column_structure=\u00bb1_3,1_3,1_3&#8243; _builder_version=\u00bb4.16&#8243; custom_padding=\u00bb||18px|||\u00bb global_colors_info=\u00bb{}\u00bb][et_pb_column type=\u00bb1_3&#8243; _builder_version=\u00bb4.16&#8243; custom_padding=\u00bb|10px||10px\u00bb global_colors_info=\u00bb{}\u00bb custom_padding__hover=\u00bb|||\u00bb][et_pb_blurb title=\u00bbPr\u00e9stamos\u00bb image=\u00bbhttp:\/\/ceconeu.com.uy\/wp-content\/uploads\/2019\/09\/logo-c.png\u00bb _builder_version=\u00bb4.16&#8243; custom_margin=\u00bb|-2px|45px|||\u00bb global_colors_info=\u00bb{}\u00bb]<\/p>\n<p>Pr\u00e9stamos bonificados con la empresa C\u00c1PITAS. Una Empresa Administradora de Cr\u00e9ditos regulada y supervisada por el Banco Central del Uruguay, funciona mediante una plataforma de pr\u00e9stamos online que opera a trav\u00e9s de Redpagos.<\/p>\n<p>[\/et_pb_blurb][\/et_pb_column][et_pb_column type=\u00bb1_3&#8243; _builder_version=\u00bb4.16&#8243; custom_padding=\u00bb|10px||10px\u00bb global_colors_info=\u00bb{}\u00bb custom_padding__hover=\u00bb|||\u00bb][et_pb_blurb title=\u00bbEstudio Contable\u00bb image=\u00bbhttp:\/\/ceconeu.com.uy\/wp-content\/uploads\/2019\/09\/image3002.png\u00bb _builder_version=\u00bb4.16&#8243; custom_margin=\u00bb|-8px|0px|||\u00bb global_colors_info=\u00bb{}\u00bb]<\/p>\n<p>Ofrecemos una soluci\u00f3n a la medida de cada empresa solo por una cuota mensual bonificada para socios. Adem\u00e1s descuentos preferenciales en procesos y tr\u00e1mites varios. Gestor\u00eda y servicios administrativos realizado por profesionales.<\/p>\n<p>[\/et_pb_blurb][\/et_pb_column][et_pb_column type=\u00bb1_3&#8243; _builder_version=\u00bb4.16&#8243; custom_padding=\u00bb|10px||10px\u00bb global_colors_info=\u00bb{}\u00bb custom_padding__hover=\u00bb|||\u00bb][et_pb_blurb title=\u00bbAsesoramiento Jur\u00eddico \u00bb image=\u00bbhttp:\/\/ceconeu.com.uy\/wp-content\/uploads\/2019\/04\/writing-1149962_1920.jpg\u00bb _builder_version=\u00bb4.16&#8243; global_colors_info=\u00bb{}\u00bb]<\/p>\n<p><span style=\"font-size: 14px;\">Confianza y profesionalismo para brindar soluciones apropiadas a las necesidades de cada cliente. Derecho societario. Derecho laboral y seguridad social. Auditor\u00eda legal y contractual. Litigios.<\/span><\/p>\n<p>[\/et_pb_blurb][\/et_pb_column][\/et_pb_row][et_pb_row column_structure=\u00bb1_3,1_3,1_3&#8243; _builder_version=\u00bb4.16&#8243; global_colors_info=\u00bb{}\u00bb][et_pb_column type=\u00bb1_3&#8243; _builder_version=\u00bb4.16&#8243; custom_padding=\u00bb|10px||10px\u00bb global_colors_info=\u00bb{}\u00bb custom_padding__hover=\u00bb|||\u00bb][et_pb_blurb title=\u00bbServicios de Gesti\u00f3n Seguridad y Salud Ocupacional\u00bb image=\u00bbhttp:\/\/ceconeu.com.uy\/wp-content\/uploads\/2019\/04\/old-3324370_640.jpg\u00bb _builder_version=\u00bb4.16&#8243; custom_margin=\u00bb|-8px||||\u00bb global_colors_info=\u00bb{}\u00bb]<\/p>\n<p><span style=\"font-size: 14px;\">Descuentos en implantaci\u00f3n de Sistema de Gesti\u00f3n de Seguridad y Salud Ocupacional (SySO) de acuerdo a lo exigido en el decreto 127\/2014. Capacitaci\u00f3n continua, de acuerdo a lo exigido por el decreto 244\/2016. Asesor\u00eda 24 h\/7 d\u00edas en SySO, v\u00eda tel\u00e9fono y\/o mail.<\/span><\/p>\n<p>[\/et_pb_blurb][\/et_pb_column][et_pb_column type=\u00bb1_3&#8243; _builder_version=\u00bb4.16&#8243; custom_padding=\u00bb|10px||10px\u00bb global_colors_info=\u00bb{}\u00bb custom_padding__hover=\u00bb|||\u00bb][et_pb_blurb title=\u00bbCorredores de Seguros\u00bb image=\u00bbhttp:\/\/ceconeu.com.uy\/wp-content\/uploads\/2020\/09\/logo-round.jpg\u00bb _builder_version=\u00bb4.16&#8243; global_colors_info=\u00bb{}\u00bb]<\/p>\n<p>Le ayudamos a encontrar el precio m\u00e1s competitivo, trabajamos con todas las aseguradoras del pa\u00eds ofreciendo desde un 15% hasta un 40% de descuento<br \/>en todas las coberturas.<\/p>\n<p>[\/et_pb_blurb][\/et_pb_column][et_pb_column type=\u00bb1_3&#8243; _builder_version=\u00bb4.16&#8243; custom_padding=\u00bb|10px||10px\u00bb global_colors_info=\u00bb{}\u00bb custom_padding__hover=\u00bb|||\u00bb][et_pb_blurb title=\u00bbServicios Notariales\u00bb image=\u00bbhttp:\/\/ceconeu.com.uy\/wp-content\/uploads\/2020\/09\/contract-3031680_1280.jpg\u00bb _builder_version=\u00bb4.16&#8243; custom_margin=\u00bb|-8px|0px|||\u00bb global_colors_info=\u00bb{}\u00bb]<\/p>\n<p>Servicios notariales con descuento. El beneficio consta de primer asesoramiento gratuito y descuentos en realizaci\u00f3n de documentos notariales (escrituras p\u00fablicas y documentos privados, certificaciones, documentaci\u00f3n de actos y contratos, actas y protocolizaciones).<\/p>\n<p>[\/et_pb_blurb][\/et_pb_column][\/et_pb_row][et_pb_row column_structure=\u00bb1_3,1_3,1_3&#8243; _builder_version=\u00bb4.16&#8243; custom_margin=\u00bb|auto|24px|auto||\u00bb global_colors_info=\u00bb{}\u00bb][et_pb_column type=\u00bb1_3&#8243; _builder_version=\u00bb4.16&#8243; custom_padding=\u00bb|||\u00bb global_colors_info=\u00bb{}\u00bb custom_padding__hover=\u00bb|||\u00bb][et_pb_blurb title=\u00bbServicio de Catering\u00bb image=\u00bbhttp:\/\/ceconeu.com.uy\/wp-content\/uploads\/2020\/09\/bokeh-3819924_1920-min.jpg\u00bb _builder_version=\u00bb4.16&#8243; global_colors_info=\u00bb{}\u00bb]<\/p>\n<p>Completo servicio de catering para reuniones empresariales, c\u00f3cktail, lunch, coffee, brunch, cumplea\u00f1os, despedidas, parrilladas y toda otra ocasi\u00f3n para festejar. 15% de descuento para los servicios que cuenten con m\u00e1s de 30 personas.<\/p>\n<p>[\/et_pb_blurb][\/et_pb_column][et_pb_column type=\u00bb1_3&#8243; _builder_version=\u00bb4.16&#8243; custom_padding=\u00bb|||\u00bb global_colors_info=\u00bb{}\u00bb custom_padding__hover=\u00bb|||\u00bb][et_pb_blurb title=\u00bbAtenci\u00f3n Nutricional\u00bb image=\u00bbhttp:\/\/ceconeu.com.uy\/wp-content\/uploads\/2020\/09\/apple-2311_960_720.jpg\u00bb _builder_version=\u00bb4.16&#8243; global_colors_info=\u00bb{}\u00bb]<\/p>\n<p>Una adecuada alimentaci\u00f3n sin d\u00e9ficit ni excesos es una de las principales estrategias para promover un mejor estado de salud y prevenir enfermedades. Mejora la calidad de vida, mejora el rendimiento y reduce la fatiga. Acceso a la Consulta Nutricional con un 50% de descuento con la\u00a0Licenciada en Nutrici\u00f3n Carolina DeLuca.<\/p>\n<p>[\/et_pb_blurb][\/et_pb_column][et_pb_column type=\u00bb1_3&#8243; _builder_version=\u00bb4.16&#8243; custom_padding=\u00bb|||\u00bb global_colors_info=\u00bb{}\u00bb custom_padding__hover=\u00bb|||\u00bb][et_pb_blurb title=\u00bbMacroPass\u00bb image=\u00bbhttp:\/\/ceconeu.com.uy\/wp-content\/uploads\/2019\/04\/shopping-cart-53792_640.jpg\u00bb _builder_version=\u00bb4.16&#8243; global_colors_info=\u00bb{}\u00bb]<\/p>\n<p>Quienes lo soliciten pueden acceder a la tarjeta MacroPass que permite comprar productos a menor precio.<\/p>\n<p>[\/et_pb_blurb][\/et_pb_column][\/et_pb_row][et_pb_row column_structure=\u00bb1_3,1_3,1_3&#8243; _builder_version=\u00bb4.16&#8243; global_colors_info=\u00bb{}\u00bb][et_pb_column type=\u00bb1_3&#8243; _builder_version=\u00bb4.16&#8243; custom_padding=\u00bb|||\u00bb global_colors_info=\u00bb{}\u00bb custom_padding__hover=\u00bb|||\u00bb][et_pb_blurb title=\u00bbAtenci\u00f3n Psicol\u00f3gica\u00bb image=\u00bbhttp:\/\/ceconeu.com.uy\/wp-content\/uploads\/2019\/05\/chair-270980_640.jpg\u00bb _builder_version=\u00bb4.16&#8243; global_colors_info=\u00bb{}\u00bb]<\/p>\n<p>Descuentos en orientaci\u00f3n terap\u00e9utica y\/o tratamientos en psicoterapia para todas las edades.<\/p>\n<p>[\/et_pb_blurb][\/et_pb_column][et_pb_column type=\u00bb1_3&#8243; _builder_version=\u00bb4.16&#8243; custom_padding=\u00bb|||\u00bb global_colors_info=\u00bb{}\u00bb custom_padding__hover=\u00bb|||\u00bb][et_pb_blurb title=\u00bbTratamientos odontol\u00f3gicos\u00bb image=\u00bbhttp:\/\/ceconeu.com.uy\/wp-content\/uploads\/2019\/04\/dentist-3528684_640.jpg\u00bb _builder_version=\u00bb4.16&#8243; global_colors_info=\u00bb{}\u00bb]<\/p>\n<p><span style=\"font-size: 14px;\">Descuentos y financiaciones en tratamientos odontol\u00f3gicos. Consultas y presupuestos sin costo.<\/span><\/p>\n<p>[\/et_pb_blurb][\/et_pb_column][et_pb_column type=\u00bb1_3&#8243; _builder_version=\u00bb4.16&#8243; custom_padding=\u00bb|||\u00bb global_colors_info=\u00bb{}\u00bb custom_padding__hover=\u00bb|||\u00bb][et_pb_blurb title=\u00bbInstalaciones Disponibles\u00bb image=\u00bbhttp:\/\/ceconeu.com.uy\/wp-content\/uploads\/2019\/04\/Escritorio.jpg\u00bb _builder_version=\u00bb4.16&#8243; global_colors_info=\u00bb{}\u00bb]<\/p>\n<p>Se encuentran disponibles las instalaciones de CECONEU. Oficina, cocina, salones para reuniones, clases y\/o peque\u00f1os actos, uso de computadoras, televisor smart, impresoras, etc.<\/p>\n<p>[\/et_pb_blurb][\/et_pb_column][\/et_pb_row][et_pb_row column_structure=\u00bb1_3,1_3,1_3&#8243; _builder_version=\u00bb4.16&#8243; min_height=\u00bb240px\u00bb custom_padding=\u00bb48px|||||\u00bb global_colors_info=\u00bb{}\u00bb][et_pb_column type=\u00bb1_3&#8243; _builder_version=\u00bb4.16&#8243; custom_padding=\u00bb|||\u00bb global_colors_info=\u00bb{}\u00bb custom_padding__hover=\u00bb|||\u00bb][et_pb_blurb title=\u00bbCapacitaci\u00f3n\u00bb use_icon=\u00bbon\u00bb font_icon=\u00bb&#xe022;||divi||400&#8243; icon_color=\u00bb#ff9999&#8243; icon_placement=\u00bbleft\u00bb _builder_version=\u00bb4.16&#8243; header_font=\u00bb||||||||\u00bb body_font=\u00bb||||||||\u00bb global_colors_info=\u00bb{}\u00bb]<\/p>\n<p>Las empresas socias podr\u00e1n participar en los cupos de pasant\u00edas y acceder a la bolsa de personal calificado en las \u00e1reas de trabajo del gremio.<\/p>\n<p>[\/et_pb_blurb][\/et_pb_column][et_pb_column type=\u00bb1_3&#8243; _builder_version=\u00bb4.16&#8243; custom_padding=\u00bb|||\u00bb global_colors_info=\u00bb{}\u00bb custom_padding__hover=\u00bb|||\u00bb][et_pb_blurb title=\u00bbRepresentaci\u00f3n\u00bb use_icon=\u00bbon\u00bb font_icon=\u00bb&#xe01b;||divi||400&#8243; icon_color=\u00bb#ff9999&#8243; icon_placement=\u00bbleft\u00bb _builder_version=\u00bb4.16&#8243; global_colors_info=\u00bb{}\u00bb]<\/p>\n<p>Representaci\u00f3n en los consejos de salario y comunicaci\u00f3n de lo actuado, y de lo acordado y posibilidad de participar en las rondas de consultas. Informaci\u00f3n inmediata de los definido acceso completo a las actas firmadas.<\/p>\n<p>[\/et_pb_blurb][\/et_pb_column][et_pb_column type=\u00bb1_3&#8243; _builder_version=\u00bb4.16&#8243; custom_padding=\u00bb|||\u00bb global_colors_info=\u00bb{}\u00bb custom_padding__hover=\u00bb|||\u00bb][et_pb_blurb title=\u00bbPublicaciones y promoci\u00f3n\u00bb use_icon=\u00bbon\u00bb font_icon=\u00bb&#x7a;||divi||400&#8243; icon_color=\u00bb#ff9999&#8243; icon_placement=\u00bbleft\u00bb _builder_version=\u00bb4.16&#8243; global_colors_info=\u00bb{}\u00bb]<\/p>\n<p>Tienen derecho a enviar informaci\u00f3n por los canales de comunicaci\u00f3n y las redes del gremio. Tambi\u00e9n solicitar estar presente en la web y en las redes.<\/p>\n<p>[\/et_pb_blurb][\/et_pb_column][\/et_pb_row][et_pb_row column_structure=\u00bb1_2,1_2&#8243; _builder_version=\u00bb4.16&#8243; custom_padding=\u00bb68px|0px|47px|0px|false|false\u00bb global_colors_info=\u00bb{}\u00bb][et_pb_column type=\u00bb1_2&#8243; _builder_version=\u00bb4.16&#8243; custom_padding=\u00bb|||\u00bb global_colors_info=\u00bb{}\u00bb custom_padding__hover=\u00bb|||\u00bb][et_pb_blurb title=\u00bbAcompa\u00f1amiento a situaciones de multas o sanciones &#8211; gestor\u00eda y tr\u00e1mites bonificados \u00bb use_icon=\u00bbon\u00bb font_icon=\u00bb&#xe0ff;||divi||400&#8243; icon_color=\u00bb#ff9999&#8243; icon_placement=\u00bbleft\u00bb _builder_version=\u00bb4.16&#8243; global_colors_info=\u00bb{}\u00bb]<\/p>\n<p>Tr\u00e1mites para permisos municipales, habilitaciones de bomberos. Servicio integral de habilitaciones comerciales ante la Intendencia de Montevideo y Bomberos.<\/p>\n<p>[\/et_pb_blurb][\/et_pb_column][et_pb_column type=\u00bb1_2&#8243; _builder_version=\u00bb4.16&#8243; custom_padding=\u00bb|||\u00bb global_colors_info=\u00bb{}\u00bb custom_padding__hover=\u00bb|||\u00bb][et_pb_blurb title=\u00bbSoftware de gesti\u00f3n y facturaci\u00f3n electr\u00f3nica\u00bb use_icon=\u00bbon\u00bb font_icon=\u00bb&#xe00e;||divi||400&#8243; icon_color=\u00bb#ff9999&#8243; icon_placement=\u00bbleft\u00bb _builder_version=\u00bb4.16&#8243; global_colors_info=\u00bb{}\u00bb]<\/p>\n<p><span style=\"font-size: 14px;\">Una soluci\u00f3n ajustada a tus necesidades. De uso sencillo. La m\u00e1s econ\u00f3mica del mercado, pagas solo por su uso.<\/span><\/p>\n<p>[\/et_pb_blurb][\/et_pb_column][\/et_pb_row][et_pb_row _builder_version=\u00bb4.16&#8243; custom_padding=\u00bb23px|0px|17px|0px|false|false\u00bb global_colors_info=\u00bb{}\u00bb][et_pb_column type=\u00bb4_4&#8243; _builder_version=\u00bb4.16&#8243; custom_padding=\u00bb|||\u00bb global_colors_info=\u00bb{}\u00bb custom_padding__hover=\u00bb|||\u00bb][et_pb_text _builder_version=\u00bb4.16&#8243; custom_padding=\u00bb16px|||||\u00bb global_colors_info=\u00bb{}\u00bb]<\/p>\n<h1 style=\"text-align: center;\"><span>Solicitar m\u00e1s informaci\u00f3n sobre cada beneficio al tel.:\u00a02200 91 92\u00a0 |\u00a0 whatsapp: 091 31 32 90\u00a0 |\u00a0 \u00a0ceconeu@ceconeu.com.uy<\/span><\/h1>\n<p>[\/et_pb_text][\/et_pb_column][\/et_pb_row][\/et_pb_section]<\/p>\n","protected":false},"excerpt":{"rendered":"<p>Beneficios de ser parteTodos los trabajadores y trabajadoras que forman parte de las empresas asociadas a la gremial pueden acceder a los beneficios que brinda CECONEU.\u00a0La empresa debe estar al d\u00eda con la cuota.Comunicate con la gremial a trav\u00e9s del whatsapp 091 313 290 o envianos un correo a ceconeu @ceconeu.com.uy.\u00a0Descuento en alojamiento para disfrutar [&hellip;]<\/p>\n","protected":false},"author":2,"featured_media":0,"parent":180,"menu_order":0,"comment_status":"closed","ping_status":"closed","template":"","meta":{"_et_pb_use_builder":"on","_et_pb_old_content":"","_et_gb_content_width":"","_monsterinsights_skip_tracking":false,"_monsterinsights_sitenote_active":false,"_monsterinsights_sitenote_note":"","_monsterinsights_sitenote_category":0,"footnotes":""},"class_list":["post-1706","page","type-page","status-publish","hentry"],"_links":{"self":[{"href":"https:\/\/ceconeu.com.uy\/index.php\/wp-json\/wp\/v2\/pages\/1706"}],"collection":[{"href":"https:\/\/ceconeu.com.uy\/index.php\/wp-json\/wp\/v2\/pages"}],"about":[{"href":"https:\/\/ceconeu.com.uy\/index.php\/wp-json\/wp\/v2\/types\/page"}],"author":[{"embeddable":true,"href":"https:\/\/ceconeu.com.uy\/index.php\/wp-json\/wp\/v2\/users\/2"}],"replies":[{"embeddable":true,"href":"https:\/\/ceconeu.com.uy\/index.php\/wp-json\/wp\/v2\/comments?post=1706"}],"version-history":[{"count":18,"href":"https:\/\/ceconeu.com.uy\/index.php\/wp-json\/wp\/v2\/pages\/1706\/revisions"}],"predecessor-version":[{"id":3679,"href":"https:\/\/ceconeu.com.uy\/index.php\/wp-json\/wp\/v2\/pages\/1706\/revisions\/3679"}],"up":[{"embeddable":true,"href":"https:\/\/ceconeu.com.uy\/index.php\/wp-json\/wp\/v2\/pages\/180"}],"wp:attachment":[{"href":"https:\/\/ceconeu.com.uy\/index.php\/wp-json\/wp\/v2\/media?parent=1706"}],"curies":[{"name":"wp","href":"https:\/\/api.w.org\/{rel}","templated":true}]}}